{"id":941,"date":"2017-09-26T02:07:45","date_gmt":"2017-09-26T00:07:45","guid":{"rendered":"http:\/\/impossibilitychallenger.com\/records-2002-2017\/"},"modified":"2019-11-04T20:52:15","modified_gmt":"2019-11-04T19:52:15","slug":"records-2002-2018","status":"publish","type":"page","link":"https:\/\/impossibilitychallenger.com\/pt-pt\/records-2002-2018\/","title":{"rendered":"Records 2002-2018"},"content":{"rendered":"<h2>Results 2018 &#8211; Leiria, Portugal<\/h2>\n<table>\n<tbody>\n<tr>\n<td><\/td>\n<td>Record<\/td>\n<td>Name<\/td>\n<td>Type<\/td>\n<td>Result<\/td>\n<td>additional info<\/td>\n<\/tr>\n<tr>\n<td>1<\/td>\n<td>Music Marathon relay &#8211; The longest time performing different songs of 1 composer continuously<\/td>\n<td>Sri Chinmoy Centre (International)<\/td>\n<td>WORLD<\/td>\n<td>27 hrs 37 min 27 sec<\/td>\n<td>1.397 songs<\/td>\n<\/tr>\n<tr>\n<td>2<\/td>\n<td>Pulling a truck with trailer including 13 people (total weight 17.299 kg) a distance of 20 meters<\/td>\n<td>Radek Rosa (Czech Republic)<\/td>\n<td>Personal<\/td>\n<td>47,44 seconds<\/td>\n<td><\/td>\n<\/tr>\n<tr>\n<td>3<\/td>\n<td>Flipping a tire (weight 290 kg) as far as possible<\/td>\n<td>Radek Rosa (Czech Republic)<\/td>\n<td>Personal<\/td>\n<td>32,10 meters<\/td>\n<td><\/td>\n<\/tr>\n<tr>\n<td>4<\/td>\n<td>Flipping with one hand a 20kg weight<\/td>\n<td>Radek Rosa (Czech Republic)<\/td>\n<td>Personal<\/td>\n<td>12 catches<\/td>\n<td><\/td>\n<\/tr>\n<tr>\n<td>5<\/td>\n<td>Most alternate one-handed claps in one minute<\/td>\n<td>Abhinabha Tangerman (The Netherlands)<\/td>\n<td>WORLD<\/td>\n<td>615 claps<\/td>\n<td><\/td>\n<\/tr>\n<tr>\n<td>6<\/td>\n<td>Longest duration to keep two balloons in the air with the head<\/td>\n<td>Abhinabha Tangerman (The Netherlands)<\/td>\n<td>WORLD<\/td>\n<td>1 minute, 9 seconds<\/td>\n<\/tr>\n<tr>\n<td>7<\/td>\n<td>Longest duration to keep three balloons in the air with the entire body<\/td>\n<td>Abhinabha Tangerman (The Netherlands)<\/td>\n<td>WORLD<\/td>\n<td>39 min 49 sec<\/td>\n<td><\/td>\n<\/tr>\n<tr>\n<td>8<\/td>\n<td>Climbing the most difficult UIAA 9 meters climbing wall with inlineskates<\/td>\n<td>Vaibhava Kuschnow (Austria)<\/td>\n<td>Personal<\/td>\n<td>56,20 seconds<\/td>\n<td><\/td>\n<\/tr>\n<tr>\n<td>9<\/td>\n<td>Swimming the longest distance in a swimming pool in 7 days<\/td>\n<td>Andrea Marcato (Italy)<\/td>\n<td>Italian National<\/td>\n<td>222 km<\/td>\n<\/tr>\n<tr>\n<td>10<\/td>\n<td>Most Marshmallows caught in the mouth with a home-made catapult in one minute<\/td>\n<td>Ashrita Furman (USA)<\/td>\n<td>WORLD<\/td>\n<td>40 marshmellows<\/td>\n<\/tr>\n<tr>\n<td>11<\/td>\n<td>Most blow torches extinguished with the tongue in one minute<\/td>\n<td>Ashrita Furman (USA)<\/td>\n<td>WORLD<\/td>\n<td>102 torches<\/td>\n<td><\/td>\n<\/tr>\n<tr>\n<td>12<\/td>\n<td>Most pencils you can snap with your head in a minute<\/td>\n<td>Ashrita Furman (USA)<\/td>\n<td>WORLD<\/td>\n<td>64 pencils<\/td>\n<\/tr>\n<tr>\n<td>13<\/td>\n<td>The longest period reciting consecutive prayers by heart<\/td>\n<td>Maria Le\u00e3o (Austria)<\/td>\n<td>Portuguese National<\/td>\n<td>645 poems in 7 hours<\/td>\n<td><\/td>\n<\/tr>\n<tr>\n<td>14<\/td>\n<td>Longest time cycling with one hand<\/td>\n<td>Carlos Vieira (Portugal)<\/td>\n<td>Personal<\/td>\n<td>8 hours 6 minutes, distance: 74,4km<\/td>\n<td><\/td>\n<\/tr>\n<tr>\n<td>15<\/td>\n<td>Most plates spun simultaneously for the longest time<\/td>\n<td>Jorge Cardinali (Portugal)<\/td>\n<td>Portuguese National<\/td>\n<td>21 plates spinning 1 hour 19 minutes and 21 seconds<\/td>\n<td><\/td>\n<\/tr>\n<tr>\n<td>16<\/td>\n<td>Fastest vertical ascent and descent by a team of climbers<\/td>\n<td>N\u00facleo de Espeleologia de Leiria (Portugal)<\/td>\n<td>WORLD<\/td>\n<td>5730m ascent and 5730m descent in 12 hours<\/td>\n<\/tr>\n<tr>\n<td>17<\/td>\n<td>The fastest 27km backwards running<\/td>\n<td>Hugo Rito (Portugal)<\/td>\n<td>Portuguese National<\/td>\n<td>3 hours 32 minutes 4 seconds<\/td>\n<td><\/td>\n<\/tr>\n<tr>\n<td>18<\/td>\n<td>Creating the biggest cloth wheel<\/td>\n<td>Izilda Ferreira (Portugal)<\/td>\n<td>WORLD<\/td>\n<td>diameter: 1,98m; circumference: 6,18m<\/td>\n<\/tr>\n<\/tbody>\n<\/table>\n<h2>Results 2017 &#8211; Kladno, Czech Republic<\/h2>\n<table>\n<tbody>\n<tr>\n<td><\/td>\n<td>Record<\/td>\n<td>Name<\/td>\n<td>Type<\/td>\n<td>Result<\/td>\n<td>additional info<\/td>\n<\/tr>\n<tr>\n<td>1<\/td>\n<td>Music Marathon relay &#8211; The longest time performing different songs of 1 composer continuously by people in traditional garment<\/td>\n<td>Sri Chinmoy Centre (International)<\/td>\n<td>World<\/td>\n<td>27 hrs 13 min 8 sec<\/td>\n<td>1069 songs<\/td>\n<\/tr>\n<tr>\n<td>2<\/td>\n<td>Longest time keeping Yoga Prayer Pose Pranam asana<\/td>\n<td>Charuhasi Schroeder (Germany)<\/td>\n<td>World<\/td>\n<td>13 hrs 7 min 14 sec<\/td>\n<td><\/td>\n<\/tr>\n<tr>\n<td>3<\/td>\n<td>Playing the violin for the longest time<\/td>\n<td>Andrej Vi\u0161n\u011bvsk\u00fd (Czech Republic)<\/td>\n<td>Czech National<\/td>\n<td>17 hrs 0 min 7 sec<\/td>\n<td><\/td>\n<\/tr>\n<tr>\n<td>4<\/td>\n<td>Dead lift with one finger with a long bar<\/td>\n<td>Radek Rosa (Czech Republic)<\/td>\n<td>Czech National<\/td>\n<td>60,8 kg<\/td>\n<td><\/td>\n<\/tr>\n<tr>\n<td>5<\/td>\n<td>Jumping frogs relay<\/td>\n<td>Sportovn\u00ed klub LS Kladno (Czech Republic)<\/td>\n<td>Personal<\/td>\n<td>468,7 m<\/td>\n<td><\/td>\n<\/tr>\n<tr>\n<td>5b<\/td>\n<td>Fastest leapfrog relay (10 people)<\/td>\n<td>Sportovn\u00ed klub LS Kladno (Czech Republic)<\/td>\n<td>World<\/td>\n<td>1 min 38.87 sec<\/td>\n<td><\/td>\n<\/tr>\n<tr>\n<td>6<\/td>\n<td>Power juggling, Longest Time Juggling Three shot puts 7,26 kg (16 lb)<\/td>\n<td>Milan Roskopf (Slovakia)<\/td>\n<td>WORLD<\/td>\n<td>not achieved<\/td>\n<td>(0 min 44.66 sec)<\/td>\n<\/tr>\n<tr>\n<td>7<\/td>\n<td>Longest duration to keep three balloons in the air<\/td>\n<td>Abhinabha Tangerman (The Netherlands)<\/td>\n<td>WORLD<\/td>\n<td>6 min 52 sec<\/td>\n<td><\/td>\n<\/tr>\n<tr>\n<td>8<\/td>\n<td>Farthest Cherrypit snipping<\/td>\n<td>Vaibhava Kuschnow (Austria)<\/td>\n<td>Personal<\/td>\n<td>19,5 m<\/td>\n<td><\/td>\n<\/tr>\n<tr>\n<td>9<\/td>\n<td>15kg plate flips in the air with the upper grip in one minute<\/td>\n<td>Radek Rosa (Czech Republic)<\/td>\n<td>Czech National<\/td>\n<td>21x flips<\/td>\n<td>37 sec<\/td>\n<\/tr>\n<tr>\n<td>10<\/td>\n<td>Most jumps in the water from a starting block into a pool in 1 hour<\/td>\n<td>Abhejali Bernardov\u00e1 (Czech Republic)<\/td>\n<td>Czech National<\/td>\n<td>223 dives<\/td>\n<td><\/td>\n<\/tr>\n<tr>\n<td>11<\/td>\n<td>Longest Time Juggling Three Bowling Pins<\/td>\n<td>Milan Roskopf (Slovakia)<\/td>\n<td>Slovakian National<\/td>\n<td>2 min 4 sec<\/td>\n<td><\/td>\n<\/tr>\n<tr>\n<td>12<\/td>\n<td>The longest Czech strudel<\/td>\n<td>Sri Chinmoy Marathon team and friends (Czech Republic)<\/td>\n<td>Czech National<\/td>\n<td>83,47 m<\/td>\n<td><\/td>\n<\/tr>\n<tr>\n<td>13<\/td>\n<td>Fastest 100m carrying an egg on a teaspoon on inline skates<\/td>\n<td>Vaibhava Kuschnow (Austria)<\/td>\n<td>Personal<\/td>\n<td>0 min 17.60 sec<\/td>\n<td><\/td>\n<\/tr>\n<tr>\n<td>14<\/td>\n<td>Fastest 1 mile run wearing swim fins<\/td>\n<td>Samalya Schaefer (Germany)<\/td>\n<td>WORLD<\/td>\n<td>5 min 48.20 sec<\/td>\n<td><\/td>\n<\/tr>\n<tr>\n<td>15<\/td>\n<td>Nejrychlej\u0161\u00ed hra blechy na 100 m<\/td>\n<td>Ralf Laue (Germany)<\/td>\n<td>Personal<\/td>\n<td>3 min 34.73 sec<\/td>\n<td><\/td>\n<\/tr>\n<tr>\n<td>16<\/td>\n<td>Tyre flips for 50m<\/td>\n<td>Radek Rosa (Czech Republic)<\/td>\n<td>Czech National<\/td>\n<td>1 min 40.57 sec<\/td>\n<td>209 kg<\/td>\n<\/tr>\n<tr>\n<td>17<\/td>\n<td>Fastest 3 km run in a group costume for 27 people<\/td>\n<td>Sri Chinmoy Marathon team (Czech Republic)<\/td>\n<td>Czech National<\/td>\n<td>27 min 31 sec<\/td>\n<td><\/td>\n<\/tr>\n<tr>\n<td>18<\/td>\n<td>High throw with a 24,493 kg weight with one hand<\/td>\n<td>Vladislav Tul\u00e1\u010dek (Czech Republic)<\/td>\n<td>Czech National<\/td>\n<td>537 cm<\/td>\n<td>2nd attempt<\/td>\n<\/tr>\n<tr>\n<td>19<\/td>\n<td>Most throws and catches of a fire sword in 30 seconds<\/td>\n<td>Ashrita Furman (USA)<\/td>\n<td>WORLD<\/td>\n<td>27x<\/td>\n<td><\/td>\n<\/tr>\n<tr>\n<td>20<\/td>\n<td>Footbag trick Clipper<\/td>\n<td>Jan Weber (Czech Republic)<\/td>\n<td>World<\/td>\n<td>327x touches<\/td>\n<td>5 min 10 sec<\/td>\n<\/tr>\n<tr>\n<td>21<\/td>\n<td>Most dominoes stacked on one domino in one minute<\/td>\n<td>Ralf Laue (Germany)<\/td>\n<td>WORLD<\/td>\n<td>42 domino kostek<\/td>\n<td><\/td>\n<\/tr>\n<tr>\n<td>22<\/td>\n<td>Clipper &#8211; freestyle football trick<\/td>\n<td>Jan Weber (Czech Republic)<\/td>\n<td>World<\/td>\n<td>64x touches<\/td>\n<td>4th attempt in 60 sec<\/td>\n<\/tr>\n<tr>\n<td>23<\/td>\n<td>Most balloons burst with the mouth in one minute<\/td>\n<td>Ashrita Furman (USA)<\/td>\n<td>WORLD<\/td>\n<td>51x<\/td>\n<td><\/td>\n<\/tr>\n<tr>\n<td>24<\/td>\n<td>Peace tree with the most number of words &#8220;Peace&#8221; written on leaves<\/td>\n<td>Sri Chinmoy Oneness-Home Peace Run (Czech Republic)<\/td>\n<td>Czech National<\/td>\n<td>54513 words, 378 leaves, 153 languages<\/td>\n<td><\/td>\n<\/tr>\n<tr>\n<td>25<\/td>\n<td>The longest paper model of a DNA molecule<\/td>\n<td>St\u0159edisko voln\u00e9ho \u010dasu Labyrint, Kladno (Czech Republic)<\/td>\n<td>Czech National<\/td>\n<td>377 cm from 118 nucleotids<\/td>\n<td><\/td>\n<\/tr>\n<tr>\n<td>26<\/td>\n<td>Symposium Mirage &#8211; footbag trick<\/td>\n<td>Jan Weber (Czech Republic)<\/td>\n<td>WORLD<\/td>\n<td>30x touches<\/td>\n<td><\/td>\n<\/tr>\n<tr>\n<td>27<\/td>\n<td>Most kiwifruits sliced with a sword on a Swiss ball in one minute<\/td>\n<td>Ashrita Furman (USA)<\/td>\n<td>WORLD<\/td>\n<td>not achieved<\/td>\n<td><\/td>\n<\/tr>\n<tr>\n<td><\/td>\n<\/tr>\n<\/tbody>\n<\/table>\n<h2>Results 2002-2016<\/h2>\n<p><a href=\"https:\/\/www.impossibility-challenger.de\/wp-content\/uploads\/2016\/05\/Impossibility_Challenger_Record_List-2002-2016.pdf\" target=\"_blank\" rel=\"noopener\">Click here for the list of records from 2002 \u2013 2016 (pdf)<\/a><\/p>\n","protected":false},"excerpt":{"rendered":"<p>Results 2018 &#8211; Leiria, Portugal Record Name Type Result additional info 1 Music Marathon relay &#8211; The longest time performing different songs of 1 composer continuously Sri Chinmoy Centre (International) WORLD 27 hrs 37 min 27 sec 1.397 songs 2 Pulling a truck with trailer including 13 people (total weight\u2026<\/p>\n<p> <a class=\"continue-reading-link\" href=\"https:\/\/impossibilitychallenger.com\/pt-pt\/records-2002-2018\/\"><span>Continue reading<\/span><i class=\"crycon-right-dir\"><\/i><\/a> <\/p>\n","protected":false},"author":2,"featured_media":0,"parent":0,"menu_order":0,"comment_status":"closed","ping_status":"closed","template":"templates\/template-onecolumn.php","meta":{"_monsterinsights_skip_tracking":false,"_monsterinsights_sitenote_active":false,"_monsterinsights_sitenote_note":"","_monsterinsights_sitenote_category":0,"footnotes":""},"class_list":["post-941","page","type-page","status-publish","hentry"],"_links":{"self":[{"href":"https:\/\/impossibilitychallenger.com\/pt-pt\/wp-json\/wp\/v2\/pages\/941","targetHints":{"allow":["GET"]}}],"collection":[{"href":"https:\/\/impossibilitychallenger.com\/pt-pt\/wp-json\/wp\/v2\/pages"}],"about":[{"href":"https:\/\/impossibilitychallenger.com\/pt-pt\/wp-json\/wp\/v2\/types\/page"}],"author":[{"embeddable":true,"href":"https:\/\/impossibilitychallenger.com\/pt-pt\/wp-json\/wp\/v2\/users\/2"}],"replies":[{"embeddable":true,"href":"https:\/\/impossibilitychallenger.com\/pt-pt\/wp-json\/wp\/v2\/comments?post=941"}],"version-history":[{"count":2,"href":"https:\/\/impossibilitychallenger.com\/pt-pt\/wp-json\/wp\/v2\/pages\/941\/revisions"}],"predecessor-version":[{"id":1070,"href":"https:\/\/impossibilitychallenger.com\/pt-pt\/wp-json\/wp\/v2\/pages\/941\/revisions\/1070"}],"wp:attachment":[{"href":"https:\/\/impossibilitychallenger.com\/pt-pt\/wp-json\/wp\/v2\/media?parent=941"}],"curies":[{"name":"wp","href":"https:\/\/api.w.org\/{rel}","templated":true}]}}