{"id":574,"date":"2018-03-06T15:42:31","date_gmt":"2018-03-06T14:42:31","guid":{"rendered":"http:\/\/impossibilitychallenger.com\/?page_id=574"},"modified":"2018-06-02T01:18:50","modified_gmt":"2018-06-01T23:18:50","slug":"media","status":"publish","type":"page","link":"https:\/\/impossibilitychallenger.com\/pt-pt\/media\/","title":{"rendered":"Media 2018"},"content":{"rendered":"<p>Impossibility Challenger 2018<\/p>\n<p>Assessor de imprensa: Sukham Rodrigues<\/p>\n<p>Lisboa, Portugal<\/p>\n<p>mobile +351\u00a0918\u00a0675\u00a0693<\/p>\n<p>email: <a href=\"mailto:info@impossibilitychallenger.com\">info@impossibilitychallenger.com<\/a><\/p>\n<p>&nbsp;<\/p>\n<p>&nbsp;<\/p>\n<p>Impossibility Challenger. Desafiar o impossivel!<\/p>\n<p>14 recordistas, internacionais e nacionais v\u00e3o realizar 23 recordes e tentar bater 11 recordes mundiais!<\/p>\n<p>Leiria, 9 e 10 de junho de 2018.<\/p>\n<p><strong>\u00a0<\/strong><\/p>\n<p>&nbsp;<\/p>\n<p>Recordistas de muitos pa\u00edses ir\u00e3o tentar transcender as barreiras do imposs\u00edvel durante a 24\u00aa edi\u00e7\u00e3o do <em>Impossibility Challenger<\/em>, na cidade de Leiria em Portugal, nos dias 9 e 10 de junho.<\/p>\n<p>Os recordes mundiais servem como uma plataforma para qualquer um estabelecer um novo recorde mundial ou recorde pessoal em disciplinas n\u00e3o-ol\u00edmpicas. O objetivo do Impossibility Challenger \u00e9 simplesmente inspirar as pessoas a experimentar a alegria que surge ao desafiar o aparente imposs\u00edvel, aumentar as suas pr\u00f3prias capacidades e a autoconfian\u00e7a e tamb\u00e9m compartilhar inspira\u00e7\u00e3o com os outros.<\/p>\n<p>Entre os candidatos est\u00e3o confirmados\u2026<\/p>\n<p><strong>\u00a0<\/strong><strong>O Nova Iorquino Ashrita Furman, conhecido por ser a pessoa que bateu o maior n\u00famero de recordes do mundo certificados pelo comit\u00e9 mundial (cerca de 600), sendo detentor de cerca de 200 na atualidade, (<\/strong><strong><a href=\"https:\/\/www.ashrita.com\/\">https:\/\/www.ashrita.com\/<\/a><\/strong><strong>) e Paddy Doyle, um ex membro do Regimento Brit\u00e2nico de Paraquedistas com 49 registos no Book of Records de 1990-2008, entre outros.<\/strong><\/p>\n<p><strong>Portugal \u00e9 representado por Isa Sebasti\u00e3o, Carlos Vieira, Jorge Cardinalli, Hugo Rito, o N\u00facleo de Espeologia de Leiria e Gustavo Fonseca, este o mais jovem candidato com apenas 7 anos de idade.<\/strong><\/p>\n<p>&nbsp;<\/p>\n<p>Apanhar o maior n\u00famero de <em>marshmallows<\/em> com a boca num minuto, lan\u00e7ados por uma catapulta; extinguir o maior n\u00famero de chamas numa tocha num minuto, com a l\u00edngua; partir com a cabe\u00e7a o maior n\u00famero de l\u00e1pis num minuto; subir uma parede de escalada usando patins em linha; cantar durante 27 horas; Standup Paddle durante 10 horas; andar de bicicleta guiando apenas com uma m\u00e3o durante 8 horas; o maior n\u00famero de origamis feitos em 7 minutos; puxar um cami\u00e3o de 15 toneladas; Rodar em simult\u00e2neo 21 pratos sobre bastoes de ferro e nadar 12 horas por dia, durante 7 dias consecutivos numa piscina, s\u00e3o apenas algumas dos desafios que pode presenciar neste incr\u00edvel evento!<\/p>\n<p>&nbsp;<\/p>\n<p><strong>Come\u00e7a dia 4 de junho com o recorde de Andrea Marcato na Piscina Municipal de Leiria, continua dia 9 com recordes a decorrer no est\u00e1dio Municipal de Leiria, Rio Lis e Complexo de Escalada de Leiria e termina dia 10 no Complexo Desportivo dos Pousos entre as 10 e as 16h, um dia preenchido, com uma grande variedade de recordes.<\/strong><\/p>\n<p>&nbsp;<\/p>\n<p>O indiano Sri Chinmoy (1931 &#8211; 2007) iniciou o Impossibility Challenger em 1982, que durante muitos anos foi organizado em Zurique, na Su\u00ed\u00e7a. De 2002 a 2010, ocorreu em Munique e mais tarde, tamb\u00e9m na Nova Zel\u00e2ndia e na Hungria. Decorre, pela segunda vez no nosso pa\u00eds, com o apoio da C\u00e2mara Municipal de Leiria.<\/p>\n<p>Sri Chinmoy sempre procurou transcender\u00a0 as suas pr\u00f3prias limita\u00e7\u00f5es humanas. Ele comp\u00f4s mais de 21.000 m\u00fasicas (em bengali e ingl\u00eas), escreveu 120.000 poemas e 1.600 livros, desenhou quase 16 milh\u00f5es de p\u00e1ssaros, criou 140.000 pinturas e estabeleceu in\u00fameros recordes mundiais no mundo do levantamento de peso. Em fevereiro de 2007, Sri Chinmoy levantou um elefante adulto pesando 3.910 kg &#8211; incluindo o aparato e o zelador, realizado aos 75 anos de idade.<\/p>\n<p>&nbsp;<\/p>\n<p>Este vision\u00e1rio da paz, dedicou a sua vida \u00e0 promo\u00e7\u00e3o da harmonia e entendimento entre as pessoas, deixando-nos a seguinte mensagem: &#8220;Se pudermos competir apenas connosco mesmos, ent\u00e3o este mundo ser\u00e1 definitivamente um mundo melhor. Se competirmos apenas para aumentar as nossas capacidades, transcender a n\u00f3s mesmos e inspirar os outros, ent\u00e3o seremos melhores cidad\u00e3os num mundo melhor&#8221;. &#8221;<\/p>\n<p>Para mais informa\u00e7\u00f5es <a href=\"http:\/\/www.impossibilitychallenger.com\">www.impossibilitychallenger.com<\/a><\/p>\n<p><strong>FOTOS<\/strong><\/p>\n<p><strong>\u00a0<a href=\"http:\/\/impossibilitychallenger.com\/wp-content\/uploads\/2018\/03\/Ashrita-with-a-burner.jpg\"><img loading=\"lazy\" decoding=\"async\" class=\"alignnone size-thumbnail wp-image-598\" src=\"http:\/\/impossibilitychallenger.com\/wp-content\/uploads\/2018\/03\/Ashrita-with-a-burner-150x150.jpg\" alt=\"\" width=\"150\" height=\"150\" srcset=\"https:\/\/impossibilitychallenger.com\/wp-content\/uploads\/2018\/03\/Ashrita-with-a-burner-150x150.jpg 150w, https:\/\/impossibilitychallenger.com\/wp-content\/uploads\/2018\/03\/Ashrita-with-a-burner-100x100.jpg 100w, https:\/\/impossibilitychallenger.com\/wp-content\/uploads\/2018\/03\/Ashrita-with-a-burner-200x200.jpg 200w\" sizes=\"auto, (max-width: 150px) 100vw, 150px\" \/><\/a> <a href=\"http:\/\/impossibilitychallenger.com\/wp-content\/uploads\/IC-Portugal-2.jpg\"><img loading=\"lazy\" decoding=\"async\" class=\"alignnone size-thumbnail wp-image-593\" src=\"http:\/\/impossibilitychallenger.com\/wp-content\/uploads\/IC-Portugal-2-150x150.jpg\" alt=\"\" width=\"150\" height=\"150\" srcset=\"https:\/\/impossibilitychallenger.com\/wp-content\/uploads\/IC-Portugal-2-150x150.jpg 150w, https:\/\/impossibilitychallenger.com\/wp-content\/uploads\/IC-Portugal-2-100x100.jpg 100w, https:\/\/impossibilitychallenger.com\/wp-content\/uploads\/IC-Portugal-2-200x200.jpg 200w\" sizes=\"auto, (max-width: 150px) 100vw, 150px\" \/><\/a> <a href=\"http:\/\/impossibilitychallenger.com\/wp-content\/uploads\/IC-Portugal.jpg\"><img loading=\"lazy\" decoding=\"async\" class=\"alignnone size-thumbnail wp-image-594\" src=\"http:\/\/impossibilitychallenger.com\/wp-content\/uploads\/IC-Portugal-150x150.jpg\" alt=\"\" width=\"150\" height=\"150\" srcset=\"https:\/\/impossibilitychallenger.com\/wp-content\/uploads\/IC-Portugal-150x150.jpg 150w, https:\/\/impossibilitychallenger.com\/wp-content\/uploads\/IC-Portugal-100x100.jpg 100w, https:\/\/impossibilitychallenger.com\/wp-content\/uploads\/IC-Portugal-200x200.jpg 200w\" sizes=\"auto, (max-width: 150px) 100vw, 150px\" \/><\/a><\/strong><\/p>\n<p><strong>\u00a0<\/strong><\/p>\n","protected":false},"excerpt":{"rendered":"<p>Impossibility Challenger 2018 Assessor de imprensa: Sukham Rodrigues Lisboa, Portugal mobile +351\u00a0918\u00a0675\u00a0693 email: info@impossibilitychallenger.com &nbsp; &nbsp; Impossibility Challenger. Desafiar o impossivel! 14 recordistas, internacionais e nacionais v\u00e3o realizar 23 recordes e tentar bater 11 recordes mundiais! Leiria, 9 e 10 de junho de 2018. \u00a0 &nbsp; Recordistas de muitos pa\u00edses\u2026<\/p>\n<p> <a class=\"continue-reading-link\" href=\"https:\/\/impossibilitychallenger.com\/pt-pt\/media\/\"><span>Continue reading<\/span><i class=\"crycon-right-dir\"><\/i><\/a> <\/p>\n","protected":false},"author":2,"featured_media":0,"parent":0,"menu_order":0,"comment_status":"closed","ping_status":"closed","template":"templates\/template-onecolumn.php","meta":{"_monsterinsights_skip_tracking":false,"_monsterinsights_sitenote_active":false,"_monsterinsights_sitenote_note":"","_monsterinsights_sitenote_category":0,"footnotes":""},"class_list":["post-574","page","type-page","status-publish","hentry"],"_links":{"self":[{"href":"https:\/\/impossibilitychallenger.com\/pt-pt\/wp-json\/wp\/v2\/pages\/574","targetHints":{"allow":["GET"]}}],"collection":[{"href":"https:\/\/impossibilitychallenger.com\/pt-pt\/wp-json\/wp\/v2\/pages"}],"about":[{"href":"https:\/\/impossibilitychallenger.com\/pt-pt\/wp-json\/wp\/v2\/types\/page"}],"author":[{"embeddable":true,"href":"https:\/\/impossibilitychallenger.com\/pt-pt\/wp-json\/wp\/v2\/users\/2"}],"replies":[{"embeddable":true,"href":"https:\/\/impossibilitychallenger.com\/pt-pt\/wp-json\/wp\/v2\/comments?post=574"}],"version-history":[{"count":6,"href":"https:\/\/impossibilitychallenger.com\/pt-pt\/wp-json\/wp\/v2\/pages\/574\/revisions"}],"predecessor-version":[{"id":632,"href":"https:\/\/impossibilitychallenger.com\/pt-pt\/wp-json\/wp\/v2\/pages\/574\/revisions\/632"}],"wp:attachment":[{"href":"https:\/\/impossibilitychallenger.com\/pt-pt\/wp-json\/wp\/v2\/media?parent=574"}],"curies":[{"name":"wp","href":"https:\/\/api.w.org\/{rel}","templated":true}]}}