{"id":525,"date":"2017-09-26T02:06:30","date_gmt":"2017-09-26T00:06:30","guid":{"rendered":"http:\/\/impossibilitychallenger.com\/propositions\/"},"modified":"2018-05-21T10:31:06","modified_gmt":"2018-05-21T08:31:06","slug":"informacoes","status":"publish","type":"page","link":"https:\/\/impossibilitychallenger.com\/pt-pt\/informacoes\/","title":{"rendered":"Informa\u00e7\u00f5es"},"content":{"rendered":"<p>&nbsp;<\/p>\n<p><strong>Evento: Impossibility Challenger 2018<\/strong><\/p>\n<p><strong>Data: Domingo, 10 de junho.<br \/>\n<\/strong><\/p>\n<p><strong>Local<\/strong><strong>: Pavilh\u00e3o Gimnodesportivo dos Pousos, Leiria, Portugal.<\/strong><\/p>\n<p>&nbsp;<\/p>\n<p><strong>Programa:<\/strong><\/p>\n<p><u>Sexta 8 de junho:<\/u><\/p>\n<p>18:00 &#8211; 20:00 Check in para participantes e ajudantes. Registo dos records de longa dura\u00e7\u00e3o.<\/p>\n<p>21:00 &#8211; 22:30 Concerto de m\u00fasica, entrevistas, chats&#8230;<\/p>\n<p><u>Sabado 9 de junho<\/u><\/p>\n<p>Manh\u00e3 \u2013 Inicio dos records longos<\/p>\n<p>17:00 &#8211; 19:00 Check in para participantes e ajudantes.<\/p>\n<p><u>Domingo 10 de junho <\/u><\/p>\n<p>8: 00 &#8211; 9: 00 Registro de participantes<\/p>\n<p>9:30 Cerim\u00f3nia de abertura<\/p>\n<p>10:00 Inicio dos recordes<\/p>\n<p>13: 00 &#8211; 14:00 Almo\u00e7o<\/p>\n<p>15:30 Fim dos recordes<\/p>\n<p>16:00 Cerim\u00f3nia de entrega dos pr\u00e9mios<\/p>\n<p>&nbsp;<\/p>\n<p><strong>Registo:<\/strong><\/p>\n<p>20 \u20ac por participante + 8 \u20ac por cada outro participante do mesmo record. O Pagamento inclui pequeno almo\u00e7o, almo\u00e7o e apenas 1 T-Shirt. Snacks e bebidas para records com dura\u00e7\u00e3o superior a 3 horas.<\/p>\n<p>8 \u20ac por cada ajudante. O pagamento inclui pequeno almo\u00e7o e almo\u00e7o. Snacks e bebidas para records com dura\u00e7\u00e3o superior a 3 horas.<\/p>\n<p>Pre\u00e7o de refei\u00e7\u00f5es extra: 3 euros\/cada.<\/p>\n<p>Para o registo de equipas, por favor contactar a organiza\u00e7\u00e3o.<\/p>\n<p>&nbsp;<\/p>\n<p><strong>Forma de pagamento:<\/strong><\/p>\n<p>Transfer\u00eancia banc\u00e1ria em conta: 2021059597130<\/p>\n<p>Nome: Associa\u00e7\u00e3o Mensagens Positivas Banco: Caixa Geral Dep\u00f3sitos<\/p>\n<p>IBAN: PT50 0035 2021 0005 9597 130 55\u00a0\u00a0\u00a0\u00a0\u00a0 SWIFT: CGDDIPTPL<\/p>\n<p>Escreva o nome do evento: &#8220;Impossibility Challenger&#8221; na descri\u00e7\u00e3o do pagamento, o seu nome e o n\u00famero de participantes sobre os quais est\u00e1 a efetuar o pagamento.<\/p>\n<p>Pagamento em dinheiro, apenas durante a inscri\u00e7\u00e3o no dia do evento.<\/p>\n<p>&nbsp;<\/p>\n<p><strong>Servi\u00e7os para participantes:<\/strong><\/p>\n<p>A inscri\u00e7\u00e3o inclui acesso durante o evento a: pequeno almo\u00e7o e almo\u00e7o quente. Snacks e \u00e1gua em records com dura\u00e7\u00e3o superior a 3 horas. Todas as refei\u00e7\u00f5es ser\u00e3o vegetarianas. Servi\u00e7os m\u00e9dicos. Vesti\u00e1rios dispon\u00edveis, durante a dura\u00e7\u00e3o do evento.<\/p>\n<p>&nbsp;<\/p>\n<p><strong>Como chegar:<\/strong><\/p>\n<p>Local: Parque Desportivo dos Pousos\/ Pavilh\u00e3o Gimnodesportivo dos Pousos<\/p>\n<p>Morada: Rua Virg\u00edlio Monteiro, Leiria.<\/p>\n<p>Coordenadas: 39\u00b044&#8217;2&#8243;N \u00a0 8\u00b046&#8217;13&#8243;W<\/p>\n<p>Meios de transporte p\u00fablico: O mais indicado \u00e9 Rede Expresso at\u00e9 Leiria e t\u00e1xi at\u00e9 ao local.<\/p>\n<p>Carro pr\u00f3prio: Vindo do norte ou Sul: Siga pela A1 sentido Leiria. Tome a sa\u00edda em dire\u00e7\u00e3o a Leiria\/Tomar\/Our\u00e9m na N113. Siga pela N113 para a R. Virg\u00edlio Monteiro<\/p>\n<p>&nbsp;<\/p>\n<p><strong>Alojamento:<\/strong><\/p>\n<p>A organiza\u00e7\u00e3o n\u00e3o fornece alojamento para participantes e ajudantes.<\/p>\n<p>&nbsp;<\/p>\n<p><strong>Complexo desportivo dos Pousos:<\/strong><\/p>\n<p>\u2013 Campo de Futebol Praia: 42.5\u00d732 mts<\/p>\n<p>\u2013 Campo de Futebol 11: 105\u00d767 mts (relvado sint\u00e9tico), com 7 balne\u00e1rios<\/p>\n<p>\u2013 Pista de atletismo: 400\u00d78 mts (betuminoso asf\u00e1ltico)<\/p>\n<p>\u2013 Polidesportivo: 44\u00d724 mts (bet\u00e3o monol\u00edtico), com 9 balne\u00e1rios.<\/p>\n<p>\u2013 Campo de Futebol 7: 67\u00d747 mts (relvado sint\u00e9tico)<\/p>\n<p>\u2013 Caixa de Areia 1: 7.5\u00d74.2 mts<\/p>\n<p>\u2013 Caixa de Areia 2: 9\u00d73 mts<\/p>\n<p>\u2013 Pavilh\u00e3o Polidesportivo: 44x25mts (piso de madeira)<\/p>\n<p>\u2013 Gin\u00e1sio indoor com maquinas<\/p>\n<p>\u2013 Gin\u00e1sio indoor sem maquinas<\/p>\n<p>\u2013 Gin\u00e1sio outdoor com maquinas de fitness<\/p>\n<p>Aten\u00e7\u00e3o:<\/p>\n<p>Para o uso do pavilh\u00e3o poder\u00e1 ser necess\u00e1rio a utiliza\u00e7\u00e3o de cal\u00e7ado apropriado. Os participantes que v\u00e3o utilizar esta infraestrutura devem estar preparados para o efeito.<\/p>\n<p>&nbsp;<\/p>\n<p><strong>Contactos da organiza\u00e7\u00e3o:<\/strong><\/p>\n<p>telefone: +351\u00a0913\u00a0347 588 &#8211; inscri\u00e7\u00f5es e informa\u00e7\u00f5es Paula Correia<\/p>\n<p>email: <a href=\"mailto:info@impossibilitychallenger.com\">info@impossibilitychallenger.com<\/a><\/p>\n<p>site: <a href=\"http:\/\/www.impossibilitychallenger.com\">www.impossibilitychallenger.com<\/a><\/p>\n<p>Morada: Centro Sri Chinmoy, Rua Jo\u00e3o de Ru\u00e3o, 7, 3150 229 Coimbra<\/p>\n<p>Organizador: Centros Sri Chinmoy de Portugal<\/p>\n","protected":false},"excerpt":{"rendered":"<p>&nbsp; Evento: Impossibility Challenger 2018 Data: Domingo, 10 de junho. Local: Pavilh\u00e3o Gimnodesportivo dos Pousos, Leiria, Portugal. &nbsp; Programa: Sexta 8 de junho: 18:00 &#8211; 20:00 Check in para participantes e ajudantes. Registo dos records de longa dura\u00e7\u00e3o. 21:00 &#8211; 22:30 Concerto de m\u00fasica, entrevistas, chats&#8230; Sabado 9 de junho\u2026<\/p>\n<p> <a class=\"continue-reading-link\" href=\"https:\/\/impossibilitychallenger.com\/pt-pt\/informacoes\/\"><span>Continue reading<\/span><i class=\"crycon-right-dir\"><\/i><\/a> <\/p>\n","protected":false},"author":2,"featured_media":0,"parent":0,"menu_order":0,"comment_status":"closed","ping_status":"closed","template":"templates\/template-onecolumn.php","meta":{"_monsterinsights_skip_tracking":false,"_monsterinsights_sitenote_active":false,"_monsterinsights_sitenote_note":"","_monsterinsights_sitenote_category":0,"footnotes":""},"class_list":["post-525","page","type-page","status-publish","hentry"],"_links":{"self":[{"href":"https:\/\/impossibilitychallenger.com\/pt-pt\/wp-json\/wp\/v2\/pages\/525","targetHints":{"allow":["GET"]}}],"collection":[{"href":"https:\/\/impossibilitychallenger.com\/pt-pt\/wp-json\/wp\/v2\/pages"}],"about":[{"href":"https:\/\/impossibilitychallenger.com\/pt-pt\/wp-json\/wp\/v2\/types\/page"}],"author":[{"embeddable":true,"href":"https:\/\/impossibilitychallenger.com\/pt-pt\/wp-json\/wp\/v2\/users\/2"}],"replies":[{"embeddable":true,"href":"https:\/\/impossibilitychallenger.com\/pt-pt\/wp-json\/wp\/v2\/comments?post=525"}],"version-history":[{"count":9,"href":"https:\/\/impossibilitychallenger.com\/pt-pt\/wp-json\/wp\/v2\/pages\/525\/revisions"}],"predecessor-version":[{"id":583,"href":"https:\/\/impossibilitychallenger.com\/pt-pt\/wp-json\/wp\/v2\/pages\/525\/revisions\/583"}],"wp:attachment":[{"href":"https:\/\/impossibilitychallenger.com\/pt-pt\/wp-json\/wp\/v2\/media?parent=525"}],"curies":[{"name":"wp","href":"https:\/\/api.w.org\/{rel}","templated":true}]}}