{"id":502,"date":"2018-01-22T23:46:00","date_gmt":"2018-01-22T22:46:00","guid":{"rendered":"http:\/\/impossibilitychallenger.com\/?page_id=502"},"modified":"2018-06-02T01:16:36","modified_gmt":"2018-06-01T23:16:36","slug":"contacto","status":"publish","type":"page","link":"https:\/\/impossibilitychallenger.com\/pt-pt\/contacto\/","title":{"rendered":"Contacto"},"content":{"rendered":"<p>Se queres participar, podes contactar:<br \/>\n+351 913 347 588 Paula Correia<\/p>\n<p>info @ impossibilitychallenger.com<\/p>\n<p>www.impossibilitychallenger.com<\/p>\n<p>Endere\u00e7o de Correio:<br \/>\nCentro Sri Chinmoy Coimbra<br \/>\nRua Jo\u00e3o Ru\u00e3o, n\u00ba 7 \u2013 2.\u00ba Andar &#8211; Sala 1<br \/>\n3000-229 Coimbra<br \/>\nPortugal<\/p>\n","protected":false},"excerpt":{"rendered":"<p>Se queres participar, podes contactar: +351 913 347 588 Paula Correia info @ impossibilitychallenger.com www.impossibilitychallenger.com Endere\u00e7o de Correio: Centro Sri Chinmoy Coimbra Rua Jo\u00e3o Ru\u00e3o, n\u00ba 7 \u2013 2.\u00ba Andar &#8211; Sala 1 3000-229 Coimbra Portugal<\/p>\n<p> <a class=\"continue-reading-link\" href=\"https:\/\/impossibilitychallenger.com\/pt-pt\/contacto\/\"><span>Continue reading<\/span><i class=\"crycon-right-dir\"><\/i><\/a> <\/p>\n","protected":false},"author":2,"featured_media":0,"parent":0,"menu_order":0,"comment_status":"closed","ping_status":"closed","template":"templates\/template-onecolumn.php","meta":{"_monsterinsights_skip_tracking":false,"_monsterinsights_sitenote_active":false,"_monsterinsights_sitenote_note":"","_monsterinsights_sitenote_category":0,"footnotes":""},"class_list":["post-502","page","type-page","status-publish","hentry"],"_links":{"self":[{"href":"https:\/\/impossibilitychallenger.com\/pt-pt\/wp-json\/wp\/v2\/pages\/502","targetHints":{"allow":["GET"]}}],"collection":[{"href":"https:\/\/impossibilitychallenger.com\/pt-pt\/wp-json\/wp\/v2\/pages"}],"about":[{"href":"https:\/\/impossibilitychallenger.com\/pt-pt\/wp-json\/wp\/v2\/types\/page"}],"author":[{"embeddable":true,"href":"https:\/\/impossibilitychallenger.com\/pt-pt\/wp-json\/wp\/v2\/users\/2"}],"replies":[{"embeddable":true,"href":"https:\/\/impossibilitychallenger.com\/pt-pt\/wp-json\/wp\/v2\/comments?post=502"}],"version-history":[{"count":3,"href":"https:\/\/impossibilitychallenger.com\/pt-pt\/wp-json\/wp\/v2\/pages\/502\/revisions"}],"predecessor-version":[{"id":631,"href":"https:\/\/impossibilitychallenger.com\/pt-pt\/wp-json\/wp\/v2\/pages\/502\/revisions\/631"}],"wp:attachment":[{"href":"https:\/\/impossibilitychallenger.com\/pt-pt\/wp-json\/wp\/v2\/media?parent=502"}],"curies":[{"name":"wp","href":"https:\/\/api.w.org\/{rel}","templated":true}]}}