{"id":500,"date":"2018-01-22T23:43:49","date_gmt":"2018-01-22T22:43:49","guid":{"rendered":"http:\/\/impossibilitychallenger.com\/?page_id=500"},"modified":"2019-04-20T22:14:48","modified_gmt":"2019-04-20T20:14:48","slug":"inscricao","status":"publish","type":"page","link":"https:\/\/impossibilitychallenger.com\/pt-pt\/inscricao\/","title":{"rendered":"Inscri\u00e7\u00e3o"},"content":{"rendered":"<p><iframe loading=\"lazy\" src=\"https:\/\/docs.google.com\/forms\/d\/e\/1FAIpQLScrDrnQknoHsDIMJkLl7TtCc5C6bPS7cJPCDzDFqgA0Ca079A\/viewform?embedded=true\" width=\"100%\" height=\"800\" frameborder=\"0\" marginheight=\"0\" marginwidth=\"0\" data-mce-fragment=\"1\">&#8230;<\/iframe><\/p>\n<p><a href=\"http:\/\/impossibilitychallenger.com\/wp-content\/uploads\/lists,overviews,pdfs\/IC-APLI-2018-PT-final.pdf\"><span style=\"color: red;\">Faz o Download do Formul\u00e1rio de Inscri\u00e7\u00e3o \u00bbAqui\u00ab<\/span><\/a><\/p>\n","protected":false},"excerpt":{"rendered":"<p>&#8230; Faz o Download do Formul\u00e1rio de Inscri\u00e7\u00e3o \u00bbAqui\u00ab<\/p>\n<p> <a class=\"continue-reading-link\" href=\"https:\/\/impossibilitychallenger.com\/pt-pt\/inscricao\/\"><span>Continue reading<\/span><i class=\"crycon-right-dir\"><\/i><\/a> <\/p>\n","protected":false},"author":2,"featured_media":0,"parent":0,"menu_order":0,"comment_status":"closed","ping_status":"closed","template":"","meta":{"_monsterinsights_skip_tracking":false,"_monsterinsights_sitenote_active":false,"_monsterinsights_sitenote_note":"","_monsterinsights_sitenote_category":0,"footnotes":""},"class_list":["post-500","page","type-page","status-publish","hentry"],"_links":{"self":[{"href":"https:\/\/impossibilitychallenger.com\/pt-pt\/wp-json\/wp\/v2\/pages\/500","targetHints":{"allow":["GET"]}}],"collection":[{"href":"https:\/\/impossibilitychallenger.com\/pt-pt\/wp-json\/wp\/v2\/pages"}],"about":[{"href":"https:\/\/impossibilitychallenger.com\/pt-pt\/wp-json\/wp\/v2\/types\/page"}],"author":[{"embeddable":true,"href":"https:\/\/impossibilitychallenger.com\/pt-pt\/wp-json\/wp\/v2\/users\/2"}],"replies":[{"embeddable":true,"href":"https:\/\/impossibilitychallenger.com\/pt-pt\/wp-json\/wp\/v2\/comments?post=500"}],"version-history":[{"count":4,"href":"https:\/\/impossibilitychallenger.com\/pt-pt\/wp-json\/wp\/v2\/pages\/500\/revisions"}],"predecessor-version":[{"id":920,"href":"https:\/\/impossibilitychallenger.com\/pt-pt\/wp-json\/wp\/v2\/pages\/500\/revisions\/920"}],"wp:attachment":[{"href":"https:\/\/impossibilitychallenger.com\/pt-pt\/wp-json\/wp\/v2\/media?parent=500"}],"curies":[{"name":"wp","href":"https:\/\/api.w.org\/{rel}","templated":true}]}}