{"id":498,"date":"2018-01-22T23:38:59","date_gmt":"2018-01-22T22:38:59","guid":{"rendered":"http:\/\/impossibilitychallenger.com\/?page_id=498"},"modified":"2018-05-21T10:07:06","modified_gmt":"2018-05-21T08:07:06","slug":"sobre","status":"publish","type":"page","link":"https:\/\/impossibilitychallenger.com\/pt-pt\/sobre\/","title":{"rendered":"Sobre"},"content":{"rendered":"<h5><strong><a href=\"https:\/\/www.impossibility-challenger.de\/wp-content\/uploads\/2016\/05\/hero3.jpg\"><img loading=\"lazy\" decoding=\"async\" class=\"alignright wp-image-750\" src=\"https:\/\/www.impossibility-challenger.de\/wp-content\/uploads\/2016\/05\/hero3.jpg\" width=\"500\" height=\"333\" \/><\/a>Impossibility Challenger 2018: 10 de Junho, Leiria &#8211; Portugal<\/strong><\/h5>\n<h2>Torna-te num Her\u00f3i a bater Recordes!<\/h2>\n<p>Sempre quiseste bater um recorde mundial? Aqui tens a tua oportunidade. O Impossibility Challenger desafia-te teres uma hip\u00f3tese no imposs\u00edvel. Escolhe o recorde que prefiras, treina e pratica com empenho e vem at\u00e9 Leiria &#8211; Portugal apresentar a tua proeza num placo para uma verdadeira plateia.<\/p>\n<p style=\"text-align: center;\"><em><strong>\u201cN\u00f3s somos verdadeiramente ilimitados, basta apenas atrevermo-nos e termos f\u00e9.\u201d<br \/>\n<\/strong>-Sri Chinmoy, fundador do Impossibility Challenger<\/em><\/p>\n<p>O Impossibility Challenger \u00e9 um evento de recordes que proporciona uma plataforma e uma oportunidade para aqueles que quiserem tentar bater um recorde mundial numa modalidade n\u00e3o ol\u00edmpica.<br \/>\nOs recordes podem ser desportivos, divertidos, criativos, ou at\u00e9 mesmo um pouco disparatados, desde que sejam desafiantes e exijam um treino e uma prepara\u00e7\u00e3o rigorosa.<\/p>\n<p><em><a href=\"https:\/\/www.impossibility-challenger.de\/wp-content\/uploads\/2016\/05\/hero2.jpg\"><img loading=\"lazy\" decoding=\"async\" class=\"alignright wp-image-748\" src=\"https:\/\/www.impossibility-challenger.de\/wp-content\/uploads\/2016\/05\/hero2.jpg\" width=\"500\" height=\"333\" \/><\/a>Usa a tua imagina\u00e7\u00e3o e apresenta o teu pr\u00f3prio grande recorde!<\/em><\/p>\n<p>O teu recorde tem que ser mensur\u00e1vel e requere um objetivo bem definido sobre as condi\u00e7\u00f5es em que o recorde \u00e9 atingido. Por exemplo, sup\u00f5e que o teu recorde \u00e9 encher o maior n\u00famero de bal\u00f5es, para isso tens que definir qual o tamanho que os bal\u00f5es ter\u00e3o que ter depois de estarem cheios e quantos bal\u00f5es ter\u00e1s que encher, por exemplo num minuto, para bater o teu recorde. N\u00f3s por vezes encorajamos a brincadeira, desde que n\u00e3o seja de mau gosto. Recordes que possam ser considerados pol\u00e9micos n\u00e3o ser\u00e3o aceites, e todos os recordes s\u00e3o sujeitos a uma revis\u00e3o por parte da organiza\u00e7\u00e3o.<\/p>\n<h4>Organizador<\/h4>\n<p>O Impossibility Challenger foi fundado em 1982 pelo vision\u00e1rio da paz e levantador de pesos Sri Chinmoy, com o objetivo de inspirar as pessoas a desafiarem as suas pr\u00f3prias limita\u00e7\u00f5es e sentirem a emo\u00e7\u00e3o de conseguirem ir para al\u00e9m das suas capacidades. O evento \u00e9 promovido e patrocinado pelos Centros Sri Chinmoy.<\/p>\n<p><a href=\"https:\/\/www.impossibility-challenger.de\/wp-content\/uploads\/2016\/05\/Flossenhuepfen-500.jpg\"><img loading=\"lazy\" decoding=\"async\" class=\"alignright wp-image-813 size-full\" src=\"https:\/\/www.impossibility-challenger.de\/wp-content\/uploads\/2016\/05\/Flossenhuepfen-500.jpg\" alt=\"\" width=\"500\" height=\"371\" \/><\/a><\/p>\n<p><a href=\"https:\/\/impossibilitychallenger.com\/application\/\" target=\"_blank\" rel=\"noopener noreferrer\"><strong>Regista-te Agora!<\/strong><\/a><\/p>\n<p><em>&#8220;Para construir o novo temos que quebrar com o velho<\/em><br \/>\n<em> O mundo surpreso sa\u00fada o audaz&#8221;<\/em><br \/>\n&#8211; do <a href=\"https:\/\/www.impossibility-challenger.de\/titel-song\/\" target=\"_blank\" rel=\"noopener noreferrer\">\u2192 Hino do Impossibility Challenger<\/a><\/p>\n<p>&nbsp;<\/p>\n<p>&nbsp;<\/p>\n","protected":false},"excerpt":{"rendered":"<p>Impossibility Challenger 2018: 10 de Junho, Leiria &#8211; Portugal Torna-te num Her\u00f3i a bater Recordes! Sempre quiseste bater um recorde mundial? Aqui tens a tua oportunidade. O Impossibility Challenger desafia-te teres uma hip\u00f3tese no imposs\u00edvel. Escolhe o recorde que prefiras, treina e pratica com empenho e vem at\u00e9 Leiria &#8211;\u2026<\/p>\n<p> <a class=\"continue-reading-link\" href=\"https:\/\/impossibilitychallenger.com\/pt-pt\/sobre\/\"><span>Continue reading<\/span><i class=\"crycon-right-dir\"><\/i><\/a> <\/p>\n","protected":false},"author":2,"featured_media":0,"parent":0,"menu_order":0,"comment_status":"closed","ping_status":"closed","template":"templates\/template-onecolumn.php","meta":{"_monsterinsights_skip_tracking":false,"_monsterinsights_sitenote_active":false,"_monsterinsights_sitenote_note":"","_monsterinsights_sitenote_category":0,"footnotes":""},"class_list":["post-498","page","type-page","status-publish","hentry"],"_links":{"self":[{"href":"https:\/\/impossibilitychallenger.com\/pt-pt\/wp-json\/wp\/v2\/pages\/498","targetHints":{"allow":["GET"]}}],"collection":[{"href":"https:\/\/impossibilitychallenger.com\/pt-pt\/wp-json\/wp\/v2\/pages"}],"about":[{"href":"https:\/\/impossibilitychallenger.com\/pt-pt\/wp-json\/wp\/v2\/types\/page"}],"author":[{"embeddable":true,"href":"https:\/\/impossibilitychallenger.com\/pt-pt\/wp-json\/wp\/v2\/users\/2"}],"replies":[{"embeddable":true,"href":"https:\/\/impossibilitychallenger.com\/pt-pt\/wp-json\/wp\/v2\/comments?post=498"}],"version-history":[{"count":3,"href":"https:\/\/impossibilitychallenger.com\/pt-pt\/wp-json\/wp\/v2\/pages\/498\/revisions"}],"predecessor-version":[{"id":582,"href":"https:\/\/impossibilitychallenger.com\/pt-pt\/wp-json\/wp\/v2\/pages\/498\/revisions\/582"}],"wp:attachment":[{"href":"https:\/\/impossibilitychallenger.com\/pt-pt\/wp-json\/wp\/v2\/media?parent=498"}],"curies":[{"name":"wp","href":"https:\/\/api.w.org\/{rel}","templated":true}]}}