{"id":78,"date":"2017-09-26T03:28:23","date_gmt":"2017-09-26T01:28:23","guid":{"rendered":"http:\/\/impossibilitychallenger.com.d.kouba.at\/?page_id=78"},"modified":"2017-11-02T01:10:49","modified_gmt":"2017-11-02T00:10:49","slug":"propozice-harmonogram","status":"publish","type":"page","link":"https:\/\/impossibilitychallenger.com\/cs\/propozice-harmonogram\/","title":{"rendered":"Propozice, harmonogram"},"content":{"rendered":"<p>&nbsp;<\/p>\n<p><strong>N\u00e1zev: Impossibility Challenger 2017<\/strong><\/p>\n<p><strong>Datum: ned\u011ble 12. listopadu 2017<\/strong><\/p>\n<p><strong>M\u00edsto kon\u00e1n\u00ed: Kladensk\u00e1 sportovn\u00ed hala, Sportovc\u016f 817, 272 04 Kladno, \u010cesk\u00e1 republika<\/strong><\/p>\n<p><a href=\"http:\/\/impossibilitychallenger.com\/wp-content\/uploads\/event\/mapka-Kladno-ICH-2017.jpg\" target=\"_blank\" rel=\"noopener\"><img loading=\"lazy\" decoding=\"async\" class=\"alignnone wp-image-396 size-thumbnail\" src=\"http:\/\/impossibilitychallenger.com\/wp-content\/uploads\/event\/mapka-Kladno-ICH-2017-150x150.jpg\" alt=\"\" width=\"150\" height=\"150\" srcset=\"https:\/\/impossibilitychallenger.com\/wp-content\/uploads\/event\/mapka-Kladno-ICH-2017-150x150.jpg 150w, https:\/\/impossibilitychallenger.com\/wp-content\/uploads\/event\/mapka-Kladno-ICH-2017-100x100.jpg 100w, https:\/\/impossibilitychallenger.com\/wp-content\/uploads\/event\/mapka-Kladno-ICH-2017-200x200.jpg 200w\" sizes=\"auto, (max-width: 150px) 100vw, 150px\" \/><\/a><\/p>\n<p><strong>\u010casov\u00fd harmonogram:<\/strong><\/p>\n<p style=\"padding-left: 150px;\"><strong>7:00-9:00h registrace \u00fa\u010dastn\u00edk\u016f<\/strong><\/p>\n<p style=\"padding-left: 150px;\"><strong>7:30h sn\u00eddan\u011b pro \u00fa\u010dastn\u00edky a pomocn\u00edky<\/strong><\/p>\n<p style=\"padding-left: 150px;\"><strong>9:30h slavnostn\u00ed zah\u00e1jen\u00ed<\/strong><\/p>\n<p style=\"padding-left: 150px;\"><strong>10:00h za\u010d\u00e1tek rekord\u016f<\/strong><\/p>\n<p style=\"padding-left: 150px;\"><strong>13:00-13:45h ob\u011bd<\/strong><\/p>\n<p style=\"padding-left: 150px;\"><strong>15:30h konec rekord\u016f<\/strong><\/p>\n<p style=\"padding-left: 150px;\"><strong>16:00h vyhl\u00e1\u0161en\u00ed v\u00fdsledk\u016f, ocen\u011bn\u00ed \u00fa\u010dastn\u00edk\u016f<\/strong><\/p>\n<p><strong>Startovn\u00e9:<\/strong><\/p>\n<p style=\"padding-left: 150px;\"><strong>500 K\u010d za 1 \u00fa\u010dastn\u00edka + 200 K\u010d za ka\u017ed\u00e9ho dal\u0161\u00edho \u00fa\u010dastn\u00edka rekordu. Poplatek zahrnuje sn\u00eddani, ob\u011bd, ob\u010derstven\u00ed b\u011bhem akce, 1x tri\u010dko.<\/strong><\/p>\n<p style=\"padding-left: 150px;\"><strong>200 K\u010d za 1 pomocn\u00edka. Poplatek zahrnuje sn\u00eddani, ob\u011bd, ob\u010derstven\u00ed b\u011bhem akce.<\/strong><\/p>\n<p><strong>Platba:<\/strong><\/p>\n<p style=\"padding-left: 150px;\"><strong>&#8211; platebn\u00edm p\u0159evodem na \u00fa\u010det: 1024290481\/6100, do pozn\u00e1mky pros\u00edm uv\u00e9zt n\u00e1zev akce \u201eImpossibility Challenger\u201c a Va\u0161e jm\u00e9no, p\u0159\u00edpadn\u011b informaci o po\u010dtu pomocn\u00edk\u016f, za kter\u00e9 plat\u00edte startovn\u00e9.<\/strong><\/p>\n<p style=\"padding-left: 150px;\"><strong>&#8211; hotov\u011b p\u0159i registraci v den kon\u00e1n\u00ed akce<\/strong><\/p>\n<p><strong>Slu\u017eby \u00fa\u010dastn\u00edk\u016fm: <\/strong><\/p>\n<p style=\"padding-left: 150px;\"><strong>v cen\u011b startovn\u00e9ho je zahrnuta sn\u00eddan\u011b, tepl\u00fd ob\u011bd a ob\u010derstven\u00ed b\u011bhem cel\u00e9 akce. St\u00e1l\u00e1 l\u00e9ka\u0159sk\u00e1 slu\u017eba. \u00da\u010dastn\u00edci budou m\u00edt k dispozici z\u00e1zem\u00ed sportovn\u00ed haly v\u010detn\u011b \u0161aten a sprch po celou dobu kon\u00e1n\u00ed akce. Zdarma WIFI p\u0159ipojen\u00ed v hale.<\/strong><\/p>\n<p><strong>Jak se na akci dostat:<\/strong><\/p>\n<p style=\"padding-left: 150px;\"><strong>autem: z Prahy po E48 sm\u011brem na Karlovy Vary. Odbo\u010dte na v\u00fdjezdu 16 na Velk\u00e1 Dobr\u00e1\/606, d\u00e1le sm\u011br Kladno. Po 3 km p\u0159ejedete vlakov\u00fd p\u0159ejezd a vjedete do lesa. Po 300 m p\u0159ijedete na prvn\u00ed k\u0159i\u017eovatku a tam se d\u00e1te doleva, to ji\u017e budete m\u00edjet are\u00e1l Sleti\u0161t\u011b, kter\u00e9ho je sportovn\u00ed hala sou\u010d\u00e1st\u00ed. Po prav\u00e9 stran\u011b budete m\u00edt po 200 m parkovi\u0161t\u011b. Sportovn\u00ed hala je na lev\u00e9 stran\u011b. Parkov\u00e1n\u00ed na parkovi\u0161ti p\u0159ed halou je zdarma.<\/strong><\/p>\n<p style=\"padding-left: 150px;\"><strong>\u00fadaje pro navigaci: 50.1366308N, 14.0882636E<\/strong><\/p>\n<p><strong>Ubytov\u00e1n\u00ed:<\/strong><\/p>\n<p style=\"padding-left: 150px;\"><strong>po\u0159adatel nezaji\u0161\u0165uje ubytov\u00e1n\u00ed pro \u00fa\u010dastn\u00edky a jejich pomocn\u00edky. Sou\u010d\u00e1st\u00ed are\u00e1lu je modern\u00ed <a href=\"http:\/\/sporthotelsletiste.cz\/cs\/hotel\">Sport hotel Sleti\u0161t\u011b<\/a>. Dal\u0161\u00ed mo\u017enosti ubytov\u00e1n\u00ed jsou uvedeny na internetov\u00fdch str\u00e1nk\u00e1ch m\u011bsta Kladno na adrese: <\/strong><a href=\"https:\/\/www.mestokladno.cz\/ubytovani-v-kladne\/d-1401511\"><strong>www.mestokladno.cz\/ubytovani-v-kladne\/d-1401511<\/strong><\/a><strong>.<\/strong><\/p>\n<p><strong>Sportovi\u0161t\u011b:<\/strong><\/p>\n<p style=\"padding-left: 150px;\"><strong>Kladensk\u00e1 sportovn\u00ed hala s velk\u00fdm s\u00e1lem o rozm\u011bru 48x24x8,3m a n\u011bkolika men\u0161\u00edmi s\u00e1ly, kter\u00e9 jsou sou\u010d\u00e1st\u00ed sportovn\u00ed haly. Atletick\u00fd ov\u00e1l se 400m okruhem s povrchem z polytanu se 6 b\u011b\u017eeck\u00fdmi drahami a 8 drahami pro sprint. Plaveck\u00fd baz\u00e9n o d\u00e9lce 25m se 6 drahami.<\/strong><\/p>\n<p><strong>Upozorn\u011bn\u00ed:<\/strong><\/p>\n<p style=\"padding-left: 150px;\"><strong>povrchem v hale je d\u0159ev\u011bn\u00e1 podlaha (parkety). Vstup na plochu sportovn\u00ed haly je povolen pouze v \u010dist\u00e9 s\u00e1lov\u00e9 obuvi se sv\u011btlou podr\u00e1\u017ekou. Na plochu je zak\u00e1z\u00e1no chodit v obuvi s \u010dernou podr\u00e1\u017ekou. Pros\u00edme v\u0161echny \u00fa\u010dastn\u00edky, aby tuto skute\u010dnost respektovali a p\u0159ivezli si s sebou vhodnou obuv.<\/strong><\/p>\n<p><strong>Kontakt na po\u0159adatele:<\/strong><\/p>\n<p style=\"padding-left: 150px;\"><strong>telefon: +420 733 710 017 \u2013 p\u0159ihl\u00e1\u0161ky a informace (pan Petr Hlava)<br \/>\n<\/strong><strong>email: info@impossibility-challenger.cz<br \/>\n<\/strong><strong>web: <\/strong><a href=\"http:\/\/impossibility-challenger.cz\"><strong>www.impossibility-challenger.cz<br \/>\n<\/strong><\/a><strong>adresa kancel\u00e1\u0159e: Sri Chinmoy Centrum, Pod Dl\u00e1\u017ed\u011bnkou 2099\/1, 182 00 Praha, \u010cesk\u00e1 republika<\/strong><\/p>\n<p><strong>Po\u0159adatel: Sri Chinmoy Centra v \u010cesk\u00e9 republice<\/strong><\/p>\n","protected":false},"excerpt":{"rendered":"<p>&nbsp; N\u00e1zev: Impossibility Challenger 2017 Datum: ned\u011ble 12. listopadu 2017 M\u00edsto kon\u00e1n\u00ed: Kladensk\u00e1 sportovn\u00ed hala, Sportovc\u016f 817, 272 04 Kladno, \u010cesk\u00e1 republika \u010casov\u00fd harmonogram: 7:00-9:00h registrace \u00fa\u010dastn\u00edk\u016f 7:30h sn\u00eddan\u011b pro \u00fa\u010dastn\u00edky a pomocn\u00edky 9:30h slavnostn\u00ed zah\u00e1jen\u00ed 10:00h za\u010d\u00e1tek rekord\u016f 13:00-13:45h ob\u011bd 15:30h konec rekord\u016f 16:00h vyhl\u00e1\u0161en\u00ed v\u00fdsledk\u016f, ocen\u011bn\u00ed \u00fa\u010dastn\u00edk\u016f Startovn\u00e9:\u2026<\/p>\n<p> <a class=\"continue-reading-link\" href=\"https:\/\/impossibilitychallenger.com\/cs\/propozice-harmonogram\/\"><span>Continue reading<\/span><i class=\"crycon-right-dir\"><\/i><\/a> <\/p>\n","protected":false},"author":2,"featured_media":0,"parent":0,"menu_order":0,"comment_status":"closed","ping_status":"closed","template":"templates\/template-onecolumn.php","meta":{"_monsterinsights_skip_tracking":false,"_monsterinsights_sitenote_active":false,"_monsterinsights_sitenote_note":"","_monsterinsights_sitenote_category":0,"footnotes":""},"class_list":["post-78","page","type-page","status-publish","hentry"],"_links":{"self":[{"href":"https:\/\/impossibilitychallenger.com\/cs\/wp-json\/wp\/v2\/pages\/78","targetHints":{"allow":["GET"]}}],"collection":[{"href":"https:\/\/impossibilitychallenger.com\/cs\/wp-json\/wp\/v2\/pages"}],"about":[{"href":"https:\/\/impossibilitychallenger.com\/cs\/wp-json\/wp\/v2\/types\/page"}],"author":[{"embeddable":true,"href":"https:\/\/impossibilitychallenger.com\/cs\/wp-json\/wp\/v2\/users\/2"}],"replies":[{"embeddable":true,"href":"https:\/\/impossibilitychallenger.com\/cs\/wp-json\/wp\/v2\/comments?post=78"}],"version-history":[{"count":8,"href":"https:\/\/impossibilitychallenger.com\/cs\/wp-json\/wp\/v2\/pages\/78\/revisions"}],"predecessor-version":[{"id":403,"href":"https:\/\/impossibilitychallenger.com\/cs\/wp-json\/wp\/v2\/pages\/78\/revisions\/403"}],"wp:attachment":[{"href":"https:\/\/impossibilitychallenger.com\/cs\/wp-json\/wp\/v2\/media?parent=78"}],"curies":[{"name":"wp","href":"https:\/\/api.w.org\/{rel}","templated":true}]}}