{"id":53,"date":"2017-09-26T03:01:55","date_gmt":"2017-09-26T01:01:55","guid":{"rendered":"http:\/\/impossibilitychallenger.com.d.kouba.at\/?page_id=53"},"modified":"2017-09-28T08:45:43","modified_gmt":"2017-09-28T06:45:43","slug":"kontakt","status":"publish","type":"page","link":"https:\/\/impossibilitychallenger.com\/cs\/kontakt\/","title":{"rendered":"Kontakt"},"content":{"rendered":"<p>V p\u0159\u00edpad\u011b z\u00e1jmu o \u00fa\u010dast pros\u00edm kontaktujte:<\/p>\n<p>733710017 Petr Hlava<\/p>\n<p>info @ impossibility-challenger.cz<\/p>\n<p>www.impossibility-challenger.cz<\/p>\n<p>Koresponden\u010dn\u00ed adresa:<br \/>\nSri Chinmoy Centrum z.s.<br \/>\nPod Dl\u00e1\u017ed\u011bnkou 2099\/1<br \/>\n182 00 Praha<br \/>\nI\u010cO: 65993560<\/p>\n","protected":false},"excerpt":{"rendered":"<p>V p\u0159\u00edpad\u011b z\u00e1jmu o \u00fa\u010dast pros\u00edm kontaktujte: 733710017 Petr Hlava info @ impossibility-challenger.cz www.impossibility-challenger.cz Koresponden\u010dn\u00ed adresa: Sri Chinmoy Centrum z.s. Pod Dl\u00e1\u017ed\u011bnkou 2099\/1 182 00 Praha I\u010cO: 65993560<\/p>\n<p> <a class=\"continue-reading-link\" href=\"https:\/\/impossibilitychallenger.com\/cs\/kontakt\/\"><span>Continue reading<\/span><i class=\"crycon-right-dir\"><\/i><\/a> <\/p>\n","protected":false},"author":2,"featured_media":0,"parent":0,"menu_order":0,"comment_status":"closed","ping_status":"closed","template":"templates\/template-onecolumn.php","meta":{"_monsterinsights_skip_tracking":false,"_monsterinsights_sitenote_active":false,"_monsterinsights_sitenote_note":"","_monsterinsights_sitenote_category":0,"footnotes":""},"class_list":["post-53","page","type-page","status-publish","hentry"],"_links":{"self":[{"href":"https:\/\/impossibilitychallenger.com\/cs\/wp-json\/wp\/v2\/pages\/53","targetHints":{"allow":["GET"]}}],"collection":[{"href":"https:\/\/impossibilitychallenger.com\/cs\/wp-json\/wp\/v2\/pages"}],"about":[{"href":"https:\/\/impossibilitychallenger.com\/cs\/wp-json\/wp\/v2\/types\/page"}],"author":[{"embeddable":true,"href":"https:\/\/impossibilitychallenger.com\/cs\/wp-json\/wp\/v2\/users\/2"}],"replies":[{"embeddable":true,"href":"https:\/\/impossibilitychallenger.com\/cs\/wp-json\/wp\/v2\/comments?post=53"}],"version-history":[{"count":3,"href":"https:\/\/impossibilitychallenger.com\/cs\/wp-json\/wp\/v2\/pages\/53\/revisions"}],"predecessor-version":[{"id":260,"href":"https:\/\/impossibilitychallenger.com\/cs\/wp-json\/wp\/v2\/pages\/53\/revisions\/260"}],"wp:attachment":[{"href":"https:\/\/impossibilitychallenger.com\/cs\/wp-json\/wp\/v2\/media?parent=53"}],"curies":[{"name":"wp","href":"https:\/\/api.w.org\/{rel}","templated":true}]}}