{"id":49,"date":"2017-09-26T02:58:34","date_gmt":"2017-09-26T00:58:34","guid":{"rendered":"http:\/\/impossibilitychallenger.com.d.kouba.at\/?page_id=49"},"modified":"2019-04-20T22:13:08","modified_gmt":"2019-04-20T20:13:08","slug":"prihlaska","status":"publish","type":"page","link":"https:\/\/impossibilitychallenger.com\/cs\/prihlaska\/","title":{"rendered":"P\u0159ihl\u00e1\u0161ka"},"content":{"rendered":"<p><iframe loading=\"lazy\" src=\"https:\/\/docs.google.com\/forms\/d\/e\/1FAIpQLScrDrnQknoHsDIMJkLl7TtCc5C6bPS7cJPCDzDFqgA0Ca079A\/viewform?embedded=true\" width=\"100%\" height=\"800\" frameborder=\"0\" marginheight=\"0\" marginwidth=\"0\">&#8230;<\/iframe><\/p>\n<p><a href=\"http:\/\/impossibilitychallenger.com\/wp-content\/uploads\/lists,overviews,pdfs\/IC-APLI-2018-InglesATUALIZADA-2.pdf\"><span style=\"color: red;\">2018 p\u0159ihl\u00e1\u0161ka v pdf ke sta\u017een\u00ed \u00bbzde\u00ab<\/span><\/a><\/p>\n","protected":false},"excerpt":{"rendered":"<p>&#8230; 2018 p\u0159ihl\u00e1\u0161ka v pdf ke sta\u017een\u00ed \u00bbzde\u00ab<\/p>\n<p> <a class=\"continue-reading-link\" href=\"https:\/\/impossibilitychallenger.com\/cs\/prihlaska\/\"><span>Continue reading<\/span><i class=\"crycon-right-dir\"><\/i><\/a> <\/p>\n","protected":false},"author":2,"featured_media":0,"parent":0,"menu_order":0,"comment_status":"closed","ping_status":"closed","template":"","meta":{"_monsterinsights_skip_tracking":false,"_monsterinsights_sitenote_active":false,"_monsterinsights_sitenote_note":"","_monsterinsights_sitenote_category":0,"footnotes":""},"class_list":["post-49","page","type-page","status-publish","hentry"],"_links":{"self":[{"href":"https:\/\/impossibilitychallenger.com\/cs\/wp-json\/wp\/v2\/pages\/49","targetHints":{"allow":["GET"]}}],"collection":[{"href":"https:\/\/impossibilitychallenger.com\/cs\/wp-json\/wp\/v2\/pages"}],"about":[{"href":"https:\/\/impossibilitychallenger.com\/cs\/wp-json\/wp\/v2\/types\/page"}],"author":[{"embeddable":true,"href":"https:\/\/impossibilitychallenger.com\/cs\/wp-json\/wp\/v2\/users\/2"}],"replies":[{"embeddable":true,"href":"https:\/\/impossibilitychallenger.com\/cs\/wp-json\/wp\/v2\/comments?post=49"}],"version-history":[{"count":13,"href":"https:\/\/impossibilitychallenger.com\/cs\/wp-json\/wp\/v2\/pages\/49\/revisions"}],"predecessor-version":[{"id":918,"href":"https:\/\/impossibilitychallenger.com\/cs\/wp-json\/wp\/v2\/pages\/49\/revisions\/918"}],"wp:attachment":[{"href":"https:\/\/impossibilitychallenger.com\/cs\/wp-json\/wp\/v2\/media?parent=49"}],"curies":[{"name":"wp","href":"https:\/\/api.w.org\/{rel}","templated":true}]}}